{"id":28,"date":"2020-06-16T06:56:33","date_gmt":"2020-06-16T06:56:33","guid":{"rendered":"https:\/\/zakra-agency.sites.qsandbox.com\/?page_id=28"},"modified":"2021-09-17T02:15:56","modified_gmt":"2021-09-17T05:15:56","slug":"contact","status":"publish","type":"page","link":"https:\/\/hidrobike.com.br\/?page_id=28","title":{"rendered":"Fale Conosco"},"content":{"rendered":"<p>\u00a0 \u00a0 \u00a0 \u00a0 \u00a0 \u00a0 \u00a0 \u00a0 \u00a0 \u00a0 \u00a0 \u00a0 \u00a0 \u00a0 \u00a0 \u00a0 \u00a0 \u00a0 \u00a0 \u00a0 \u00a0Telefone: (11) 96907-7810<\/p>\n<p>\u00a0 \u00a0 \u00a0 \u00a0 \u00a0 \u00a0 \u00a0 \u00a0 \u00a0 \u00a0 \u00a0 \u00a0 \u00a0 \u00a0 \u00a0 \u00a0 \u00a0Email: comercial@hidrobike.com.br<\/p>\n<p>\t\t\t\t\t\t\t\t\t\t\t\t\t\t\t<img decoding=\"async\" width=\"1920\" height=\"363\" src=\"https:\/\/hidrobike.com.br\/wp-content\/uploads\/2020\/06\/cta-phone-call.png\" alt=\"\" loading=\"lazy\" srcset=\"https:\/\/hidrobike.com.br\/wp-content\/uploads\/2020\/06\/cta-phone-call.png 1920w, https:\/\/hidrobike.com.br\/wp-content\/uploads\/2020\/06\/cta-phone-call-600x113.png 600w, https:\/\/hidrobike.com.br\/wp-content\/uploads\/2020\/06\/cta-phone-call-300x57.png 300w, https:\/\/hidrobike.com.br\/wp-content\/uploads\/2020\/06\/cta-phone-call-1024x194.png 1024w, https:\/\/hidrobike.com.br\/wp-content\/uploads\/2020\/06\/cta-phone-call-768x145.png 768w, https:\/\/hidrobike.com.br\/wp-content\/uploads\/2020\/06\/cta-phone-call-1536x290.png 1536w\" sizes=\"auto, (max-width: 1920px) 100vw, 1920px\" \/>\t\t\t\t\t\t\t\t\t\t\t\t\t\t\t<\/p>\n<h2>Entre em contato Conosco e Saiba +<\/h2>\n<p>Empresa fundada em 2001, a Hidrobike surgiu pela necessidade do mercado em inovar e ampliar a \u00e1rea de atua\u00e7\u00e3o do treinamento aqu\u00e1tico.<\/p>\n<p> <img loading=\"lazy\" decoding=\"async\" src=\"https:\/\/hidrobike.com.br\/wp-content\/uploads\/2021\/09\/3-300x300.jpg\" alt=\"\" width=\"300\" height=\"300\" \/><\/p>\n<p>Com programa de aulas e estrat\u00e9gias para diferentes grupos e n\u00edveis de treinamento tem um formato adequado para diferentes perfis de praticantes de uma maneira divertida, din\u00e2mica e efetiva seguindo os padr\u00f5es do exerc\u00edcio aqu\u00e1tico, ou seja explorando e respeitando o meio liquido.\u00a0<\/p>\n<p>\u00a0<\/p>\n<p>Nosso carro chefe, a\u00a0bicicleta aqu\u00e1tica surgiu a cerca de 17 anos na China e foi aperfei\u00e7oada pela Hidrobike, permitindo v\u00e1rias posi\u00e7\u00f5es, utilizando sempre o meio aqu\u00e1tico como uma maneira de intensificar o trabalho ou mesmo sustentar o peso corporal, permitindo que seja praticado por pessoas em processo de reabilita\u00e7\u00e3o,obesos, gestantes, atletas, pessoas condicionadas, n\u00e3o condicionadas, etc.<\/p>\n<p>Desde o in\u00edcio de 2006 a Hidrobike est\u00e1 com uma nova gest\u00e3o, planejando grandes novidades para o mercado de Hidrospinning.<\/p>\n<p>\t\t\t\t\t\t\t\t\t\t\t\t\t\t\t<img decoding=\"async\" width=\"548\" height=\"565\" src=\"https:\/\/hidrobike.com.br\/wp-content\/uploads\/2021\/09\/HIDROBIKE1.jpg\" alt=\"\" loading=\"lazy\" srcset=\"https:\/\/hidrobike.com.br\/wp-content\/uploads\/2021\/09\/HIDROBIKE1.jpg 548w, https:\/\/hidrobike.com.br\/wp-content\/uploads\/2021\/09\/HIDROBIKE1-291x300.jpg 291w\" sizes=\"auto, (max-width: 548px) 100vw, 548px\" \/><br \/>\n\t\t\t<a href=\"#\" role=\"button\"><br \/>\n\t\t\t\t\t\tEnvie sua duvida agora<br \/>\n\t\t\t\t\t<\/a><\/p>\n<h3>Fale com a Hidrobike<\/h3>\n<p>Preencha o Formul\u00e1rio, em breve entraremos em contato.<\/p>\n<p>[everest_form id=&#8221;277&#8243;]\t\t<\/p>\n<ul>\n<li>\n\t\t\t\t\t\t\t\t\t\t\t<a href=\"https:\/\/www.facebook.com\/hidrobikebr\"><br \/>\n\t\t\t\t\t\t\t\t\t\t\t<\/a>\n\t\t\t\t\t\t\t\t\t<\/li>\n<li>\n\t\t\t\t\t\t\t\t\t\t\t<a href=\"https:\/\/twitter.com\/zakratheme\/\"><br \/>\n\t\t\t\t\t\t\t\t\t\t\t<\/a>\n\t\t\t\t\t\t\t\t\t<\/li>\n<li>\n\t\t\t\t\t\t\t\t\t\t\t<a href=\"https:\/\/www.youtube.com\/channel\/UCxxUb-k2cT43fNXY-V39LXw\"><br \/>\n\t\t\t\t\t\t\t\t\t\t\t<\/a>\n\t\t\t\t\t\t\t\t\t<\/li>\n<li>\n\t\t\t\t\t\t\t\t\t\t\t<a href=\"https:\/\/www.instagram.com\/hidrobike\/\"><br \/>\n\t\t\t\t\t\t\t\t\t\t\t<\/a>\n\t\t\t\t\t\t\t\t\t<\/li>\n<\/ul>\n","protected":false},"excerpt":{"rendered":"<p>\u00a0 \u00a0 \u00a0 \u00a0 \u00a0 \u00a0 \u00a0 \u00a0 \u00a0 \u00a0 \u00a0 \u00a0 \u00a0 \u00a0 \u00a0 \u00a0 \u00a0 \u00a0 \u00a0 \u00a0 \u00a0Telefone: (11) 96907-7810 \u00a0 \u00a0 \u00a0 \u00a0 \u00a0 \u00a0 \u00a0 \u00a0 \u00a0 \u00a0 \u00a0 \u00a0 \u00a0 \u00a0 \u00a0 \u00a0 \u00a0Email: comercial@hidrobike.com.br Entre em contato Conosco e Saiba + Empresa fundada em 2001, a Hidrobike surgiu [&hellip;]<\/p>\n","protected":false},"author":1,"featured_media":0,"parent":0,"menu_order":0,"comment_status":"closed","ping_status":"closed","template":"","meta":{"footnotes":""},"class_list":["post-28","page","type-page","status-publish","hentry"],"_links":{"self":[{"href":"https:\/\/hidrobike.com.br\/index.php?rest_route=\/wp\/v2\/pages\/28","targetHints":{"allow":["GET"]}}],"collection":[{"href":"https:\/\/hidrobike.com.br\/index.php?rest_route=\/wp\/v2\/pages"}],"about":[{"href":"https:\/\/hidrobike.com.br\/index.php?rest_route=\/wp\/v2\/types\/page"}],"author":[{"embeddable":true,"href":"https:\/\/hidrobike.com.br\/index.php?rest_route=\/wp\/v2\/users\/1"}],"replies":[{"embeddable":true,"href":"https:\/\/hidrobike.com.br\/index.php?rest_route=%2Fwp%2Fv2%2Fcomments&post=28"}],"version-history":[{"count":10,"href":"https:\/\/hidrobike.com.br\/index.php?rest_route=\/wp\/v2\/pages\/28\/revisions"}],"predecessor-version":[{"id":959,"href":"https:\/\/hidrobike.com.br\/index.php?rest_route=\/wp\/v2\/pages\/28\/revisions\/959"}],"wp:attachment":[{"href":"https:\/\/hidrobike.com.br\/index.php?rest_route=%2Fwp%2Fv2%2Fmedia&parent=28"}],"curies":[{"name":"wp","href":"https:\/\/api.w.org\/{rel}","templated":true}]}}